{"id":246,"date":"2017-05-22T23:04:27","date_gmt":"2017-05-22T21:04:27","guid":{"rendered":"https:\/\/www.tattoosplit.com\/en\/iz-medija\/"},"modified":"2024-06-23T13:32:32","modified_gmt":"2024-06-23T11:32:32","slug":"from-the-media","status":"publish","type":"page","link":"https:\/\/www.tattoosplit.com\/en\/from-the-media\/","title":{"rendered":"From the media"},"content":{"rendered":"<div class=\"wpb-content-wrapper\"><p>[vc_row][vc_column][vc_column_text]<a href=\"https:\/\/net.hr\/danas\/rtl-danas\/nekad-tabu-danas-stil-zivota-tea-je-tattoo-majstorica-i-medu-prvima-u-hrvatskoj-osmislila-je-seminar-za-tetoviranje-69ebb2c8-7056-11ee-8aad-3a50bfc1e71d\" target=\"_blank\" rel=\"noopener\">https:\/\/net.hr\/danas\/rtl-danas\/nekad-tabu-danas-stil-zivota-tea-je-tattoo-majstorica-i-medu-prvima-u-hrvatskoj-osmislila-je-seminar-za-tetoviranje-69ebb2c8-7056-11ee-8aad-3a50bfc1e71d<\/a><\/p>\n<p>&nbsp;<\/p>\n<p><a href=\"https:\/\/slobodnadalmacija.hr\/tag\/tea-cagalj\" target=\"_blank\" rel=\"noopener\">https:\/\/slobodnadalmacija.hr\/tag\/tea-cagalj<\/a><\/p>\n<p>&nbsp;<\/p>\n<p><a href=\"https:\/\/net.hr\/webcafe\/svastara\/upoznajte-jedinu-splitsku-tattoo-majstoricu-koga-joj-je-draze-tetovirati-40610248-b9ee-11ec-ab19-0242ac12001c\" target=\"_blank\" rel=\"noopener\">https:\/\/net.hr\/webcafe\/svastara\/upoznajte-jedinu-splitsku-tattoo-majstoricu-koga-joj-je-draze-tetovirati-40610248-b9ee-11ec-ab19-0242ac12001c<\/a><\/p>\n<p>&nbsp;<\/p>\n<p><a href=\"https:\/\/zadovoljna.dnevnik.hr\/tema\/tea+cagalj\/\" target=\"_blank\" rel=\"noopener\">https:\/\/zadovoljna.dnevnik.hr\/tema\/tea+cagalj\/<\/a><\/p>\n<p>&nbsp;<\/p>\n<p><a href=\"https:\/\/ultrasplit.hr\/tag\/tea-cagalj\/\" target=\"_blank\" rel=\"noopener\">https:\/\/ultrasplit.hr\/tag\/tea-cagalj\/<\/a><\/p>\n<p>&nbsp;<\/p>\n<p><a href=\"https:\/\/www.index.hr\/tag\/410211\/tea-cagalj.aspx\" target=\"_blank\" rel=\"noopener\">https:\/\/www.index.hr\/tag\/410211\/tea-cagalj.aspx<\/a><\/p>\n<p>&nbsp;<\/p>\n<p><a href=\"https:\/\/net.hr\/tema\/tea-cagaljh\" target=\"_blank\" rel=\"noopener\">https:\/\/net.hr\/tema\/tea-cagalj<\/a><\/p>\n<p>&nbsp;<\/p>\n<p><a href=\"https:\/\/www.index.hr\/magazin\/clanak\/foto-splicanka-tetovazom-odusevila-charlieja-sheena-lajkao-ju-je-nakon-samo-11-minuta\/950149.aspx\" target=\"_blank\" rel=\"noopener\">https:\/\/www.index.hr\/magazin\/clanak\/foto-splicanka-tetovazom-odusevila-charlieja-sheena-lajkao-ju-je-nakon-samo-11-minuta\/950149.aspx<\/a><\/p>\n<p>&nbsp;<\/p>\n<p><a href=\"https:\/\/zadovoljna.dnevnik.hr\/clanak\/5-bitnih-stvari-o-bijelim-tetovazama---534763.html\" target=\"_blank\" rel=\"noopener\">https:\/\/zadovoljna.dnevnik.hr\/clanak\/5-bitnih-stvari-o-bijelim-tetovazama&#8212;534763.html<\/a><\/p>\n<p>&nbsp;<\/p>\n<p><a href=\"https:\/\/www.jutarnji.hr\/scena\/strane-zvijezde\/charlie-sheen-zaokupljen-hrvatskom-nakon-sto-je-prokomentirao-sanju-dolezal-sad-mu-je-u-oko-upala-jedna-splicanka-lajkao-je-u-roku-11-minuta-5625643\" target=\"_blank\" rel=\"noopener\">https:\/\/www.jutarnji.hr\/scena\/strane-zvijezde\/charlie-sheen-zaokupljen-hrvatskom-nakon-sto-je-prokomentirao-sanju-dolezal-sad-mu-je-u-oko-upala-jedna-splicanka-lajkao-je-u-roku-11-minuta-5625643<\/a><\/p>\n<p>&nbsp;<\/p>\n<p><a href=\"https:\/\/www.24sata.hr\/show\/splicanka-tetovazom-odusevila-charlieja-sheena-lajkao-me-511357\" target=\"_blank\" rel=\"noopener\">https:\/\/www.24sata.hr\/show\/splicanka-tetovazom-odusevila-charlieja-sheena-lajkao-me-511357<\/a><\/p>\n<p>&nbsp;<\/p>\n<p><a href=\"https:\/\/riportal.net.hr\/lifestyle\/tea-je-tattoo-majstorica-i-medu-prvima-u-hrvatskoj-osmislila-je-seminar-za-tetoviranje\" target=\"_blank\" rel=\"noopener\">https:\/\/riportal.net.hr\/lifestyle\/tea-je-tattoo-majstorica-i-medu-prvima-u-hrvatskoj-osmislila-je-seminar-za-tetoviranje<\/a><\/p>\n<p>&nbsp;[\/vc_column_text][vc_column_text]<\/p>\n<h2>Upoznajte jedinu splitsku tattoo majstoricu: koga joj je dra\u017ee tetovirati?<\/h2>\n<p>[\/vc_column_text][vc_column_text]<\/p>\n<p class=\"Article-lead fw-700\">Biti \u017eena u svijetu mu\u0161karaca nije lako. Znaju to dobro hrvatske menad\u017eerice, lije\u010dnice, kuharice, ali i Tea iz na\u0161e idu\u0107e pri\u010de. Ona je jedina splitska tattoo majstorica. Njezini su klijenti odu\u0161evljeni njezinom kreativno\u0161\u0107u<\/p>\n<p>Elvis je strastveni ljubitelj tetova\u017ea. Na svom tijelu ima ih preko 10 i proljece je idealno &nbsp;vrijeme za novu. Kao pravi mu\u0161karac koji ru\u0161i stereotipe, dat \u0107e se u ruke jednoj \u017eeni.<\/p>\n<p>&#8220;Stvarno \u0107u vam re\u0107 da je bolje, opu\u0161tenije i lip\u0161e kada vas \u017eenska tetovira. Osje\u0107ate se opu\u0161tenije, nje\u017eniju ruku ima, ne upire previ\u0161e, ne grebe i puno su kreativnije nego mu\u0161ki&#8221;, rekao je<strong>&nbsp;<\/strong><strong>Elvis Muharemovi\u0107<\/strong>, ljubitelj tetova\u017ea.<\/p>\n<p>Tea je jedina splitska majstorica tetova\u017ea. Ljubav prema umjetnosti otkrila je u ranoj mladost, a papir je ljudskim tijelom zamijenila nakon srednje \u0161kole.<\/p>\n<p>&#8220;Ti ljudi na kojima radim te radove uvijek nose sa sobom. Ne mogu ga nikako zabaciti negdje sa strane kao radove na platnu i papiru&#8221;, tvrdi&nbsp;<strong>Tea \u010cagalj<\/strong>, majstorica tetova\u017ea.<\/p>\n<p>Biti jedina \u017eena u mu\u0161kom svijetu majstora tetova\u017ea nije joj predstavljalo problem nego izazov. Priznaje kako su joj mu\u0161karci dra\u017ei klijenti jer tra\u017ee zahtjevnije tetova\u017ee. No zato te\u017ee podnose bol.<\/p>\n<p>&#8220;Ja mislim da su bila dva slu\u010daja kada uop\u0107e nisu mogli izdr\u017eati i kad su odustali od tetoviranja. Oba puta su bili mu\u0161ki&#8221;, otkrila je Tea.<\/p>\n<p>Omiljeni zadaci Tei su one najzahtjevnije tetova\u017ee \u2013 portreti.<\/p>\n<p>&#8220;Da pogodim taj izraz lica od te osobe, taj mot, taj pogled i to sve. Odmah se osje\u0107am nekako ponosno na sebe kada vidim takav rad&#8221;, rekla je Tea.<\/p>\n<p>Tako su na ko\u017ei njenih klijenata zavr\u0161ili Al Pacino, Robert De Niro, Michael Jackson, Marlon Brando i mnogi drugi. U svom studiju ima dva pravila \u2013 sve mora biti higijenski besprijekorno i zadr\u017eava pravo odbijanja usluge. Ono \u0161to nikad ne bi tetovirala su rasisti\u010dki i sotonisti\u010dki simboli.<\/p>\n<p>&#8220;Ne bih tetovirala te neke negativne simbole jer sam ba\u0161 veliki vjernik, vjerujem u Boga i smatram da sve \u0161ta mo\u017ee ugroziti ili ocrniti bilo kakvu tu\u0111u vjeru ili nacionalnost mi se ne svi\u0111a i ne radim takve stvari&#8221;, priznala je ona.<\/p>\n<p>Od tetoviranja se mo\u017ee \u017eivjeti u Splitu, ka\u017ee, no novac je ovoj mladoj umjetnici u drugom planu. Ono najva\u017enije je u\u017eitak koji joj donosi oslikavanje ne\u010dijeg tijela. A kada se s takvom stra\u0161\u0107u pristupa poslu, onda je zadovoljstvo klijenata logi\u010dna posljedica.<\/p>\n<p>Izvor: <a href=\"http:\/\/www.vijesti.rtl.hr\/novosti\/zanimljivosti\/1938696\/upoznajte-jedinu-splitsku-tattoo-majstoricu-koga-joj-je-draze-tetovirati\/\">RTL&nbsp;<\/a>[\/vc_column_text][\/vc_column][\/vc_row][vc_row][vc_column][vc_separator color=&#8221;custom&#8221; accent_color=&#8221;#dba726&#8243;][\/vc_column][\/vc_row][vc_row][vc_column width=&#8221;1\/2&#8243;][vc_single_image image=&#8221;205&#8243; img_size=&#8221;400&#215;300&#8243; onclick=&#8221;link_image&#8221;][\/vc_column][vc_column width=&#8221;1\/2&#8243;][vc_single_image image=&#8221;208&#8243; img_size=&#8221;400&#215;300&#8243; onclick=&#8221;link_image&#8221;][\/vc_column][\/vc_row]<\/p>\n<\/div>","protected":false},"excerpt":{"rendered":"<p>[vc_row][vc_column][vc_column_text]https:\/\/net.hr\/danas\/rtl-danas\/nekad-tabu-danas-stil-zivota-tea-je-tattoo-majstorica-i-medu-prvima-u-hrvatskoj-osmislila-je-seminar-za-tetoviranje-69ebb2c8-7056-11ee-8aad-3a50bfc1e71d &nbsp; https:\/\/slobodnadalmacija.hr\/tag\/tea-cagalj &nbsp; https:\/\/net.hr\/webcafe\/svastara\/upoznajte-jedinu-splitsku-tattoo-majstoricu-koga-joj-je-draze-tetovirati-40610248-b9ee-11ec-ab19-0242ac12001c &nbsp; https:\/\/zadovoljna.dnevnik.hr\/tema\/tea+cagalj\/ &nbsp; https:\/\/ultrasplit.hr\/tag\/tea-cagalj\/ &nbsp; https:\/\/www.index.hr\/tag\/410211\/tea-cagalj.aspx &nbsp; https:\/\/net.hr\/tema\/tea-cagalj &nbsp; https:\/\/www.index.hr\/magazin\/clanak\/foto-splicanka-tetovazom-odusevila-charlieja-sheena-lajkao-ju-je-nakon-samo-11-minuta\/950149.aspx &nbsp; https:\/\/zadovoljna.dnevnik.hr\/clanak\/5-bitnih-stvari-o-bijelim-tetovazama&#8212;534763.html &nbsp; https:\/\/www.jutarnji.hr\/scena\/strane-zvijezde\/charlie-sheen-zaokupljen-hrvatskom-nakon-sto-je-prokomentirao-sanju-dolezal-sad-mu-je-u-oko-upala-jedna-splicanka-lajkao-je-u-roku-11-minuta-5625643 &nbsp; https:\/\/www.24sata.hr\/show\/splicanka-tetovazom-odusevila-charlieja-sheena-lajkao-me-511357 &nbsp; https:\/\/riportal.net.hr\/lifestyle\/tea-je-tattoo-majstorica-i-medu-prvima-u-hrvatskoj-osmislila-je-seminar-za-tetoviranje &nbsp;[\/vc_column_text][vc_column_text] Upoznajte jedinu splitsku tattoo majstoricu: koga joj je dra\u017ee tetovirati? [\/vc_column_text][vc_column_text] Biti \u017eena u svijetu mu\u0161karaca nije lako. Znaju to dobro hrvatske menad\u017eerice, lije\u010dnice, kuharice, ali i Tea iz na\u0161e idu\u0107e&hellip;<\/p>\n","protected":false},"author":1,"featured_media":0,"parent":0,"menu_order":0,"comment_status":"closed","ping_status":"closed","template":"","meta":{"ngg_post_thumbnail":0,"footnotes":""},"class_list":["post-246","page","type-page","status-publish","hentry","description-off"],"yoast_head":"<!-- This site is optimized with the Yoast SEO plugin v26.0 - https:\/\/yoast.com\/wordpress\/plugins\/seo\/ -->\n<title>From the media - Tattoo studio Tea Split<\/title>\n<meta name=\"robots\" content=\"index, follow, max-snippet:-1, max-image-preview:large, max-video-preview:-1\" \/>\n<link rel=\"canonical\" href=\"https:\/\/www.tattoosplit.com\/en\/from-the-media\/\" \/>\n<meta property=\"og:locale\" content=\"en_US\" \/>\n<meta property=\"og:type\" content=\"article\" \/>\n<meta property=\"og:title\" content=\"From the media - Tattoo studio Tea Split\" \/>\n<meta property=\"og:description\" content=\"[vc_row][vc_column][vc_column_text]https:\/\/net.hr\/danas\/rtl-danas\/nekad-tabu-danas-stil-zivota-tea-je-tattoo-majstorica-i-medu-prvima-u-hrvatskoj-osmislila-je-seminar-za-tetoviranje-69ebb2c8-7056-11ee-8aad-3a50bfc1e71d &nbsp; https:\/\/slobodnadalmacija.hr\/tag\/tea-cagalj &nbsp; https:\/\/net.hr\/webcafe\/svastara\/upoznajte-jedinu-splitsku-tattoo-majstoricu-koga-joj-je-draze-tetovirati-40610248-b9ee-11ec-ab19-0242ac12001c &nbsp; https:\/\/zadovoljna.dnevnik.hr\/tema\/tea+cagalj\/ &nbsp; https:\/\/ultrasplit.hr\/tag\/tea-cagalj\/ &nbsp; https:\/\/www.index.hr\/tag\/410211\/tea-cagalj.aspx &nbsp; https:\/\/net.hr\/tema\/tea-cagalj &nbsp; https:\/\/www.index.hr\/magazin\/clanak\/foto-splicanka-tetovazom-odusevila-charlieja-sheena-lajkao-ju-je-nakon-samo-11-minuta\/950149.aspx &nbsp; https:\/\/zadovoljna.dnevnik.hr\/clanak\/5-bitnih-stvari-o-bijelim-tetovazama&#8212;534763.html &nbsp; https:\/\/www.jutarnji.hr\/scena\/strane-zvijezde\/charlie-sheen-zaokupljen-hrvatskom-nakon-sto-je-prokomentirao-sanju-dolezal-sad-mu-je-u-oko-upala-jedna-splicanka-lajkao-je-u-roku-11-minuta-5625643 &nbsp; https:\/\/www.24sata.hr\/show\/splicanka-tetovazom-odusevila-charlieja-sheena-lajkao-me-511357 &nbsp; https:\/\/riportal.net.hr\/lifestyle\/tea-je-tattoo-majstorica-i-medu-prvima-u-hrvatskoj-osmislila-je-seminar-za-tetoviranje &nbsp;[\/vc_column_text][vc_column_text] Upoznajte jedinu splitsku tattoo majstoricu: koga joj je dra\u017ee tetovirati? [\/vc_column_text][vc_column_text] Biti \u017eena u svijetu mu\u0161karaca nije lako. Znaju to dobro hrvatske menad\u017eerice, lije\u010dnice, kuharice, ali i Tea iz na\u0161e idu\u0107e&hellip;\" \/>\n<meta property=\"og:url\" content=\"https:\/\/www.tattoosplit.com\/en\/from-the-media\/\" \/>\n<meta property=\"og:site_name\" content=\"Tattoo studio Tea Split\" \/>\n<meta property=\"article:publisher\" content=\"https:\/\/www.facebook.com\/TATTOO-ART-STUDIO-TEA-177780505631330\/\" \/>\n<meta property=\"article:modified_time\" content=\"2024-06-23T11:32:32+00:00\" \/>\n<meta name=\"twitter:card\" content=\"summary_large_image\" \/>\n<meta name=\"twitter:label1\" content=\"Est. reading time\" \/>\n\t<meta name=\"twitter:data1\" content=\"3 minutes\" \/>\n<script type=\"application\/ld+json\" class=\"yoast-schema-graph\">{\"@context\":\"https:\/\/schema.org\",\"@graph\":[{\"@type\":\"WebPage\",\"@id\":\"https:\/\/www.tattoosplit.com\/en\/from-the-media\/\",\"url\":\"https:\/\/www.tattoosplit.com\/en\/from-the-media\/\",\"name\":\"From the media - Tattoo studio Tea Split\",\"isPartOf\":{\"@id\":\"https:\/\/www.tattoosplit.com\/#website\"},\"datePublished\":\"2017-05-22T21:04:27+00:00\",\"dateModified\":\"2024-06-23T11:32:32+00:00\",\"breadcrumb\":{\"@id\":\"https:\/\/www.tattoosplit.com\/en\/from-the-media\/#breadcrumb\"},\"inLanguage\":\"en-US\",\"potentialAction\":[{\"@type\":\"ReadAction\",\"target\":[\"https:\/\/www.tattoosplit.com\/en\/from-the-media\/\"]}]},{\"@type\":\"BreadcrumbList\",\"@id\":\"https:\/\/www.tattoosplit.com\/en\/from-the-media\/#breadcrumb\",\"itemListElement\":[{\"@type\":\"ListItem\",\"position\":1,\"name\":\"Po\u010detna stranica\",\"item\":\"https:\/\/www.tattoosplit.com\/en\/\"},{\"@type\":\"ListItem\",\"position\":2,\"name\":\"From the media\"}]},{\"@type\":\"WebSite\",\"@id\":\"https:\/\/www.tattoosplit.com\/#website\",\"url\":\"https:\/\/www.tattoosplit.com\/\",\"name\":\"Tattoo studio Tea Split\",\"description\":\"Tetova\u017ee, Piercing. lasersko uklanjanje tetova\u017ea\",\"publisher\":{\"@id\":\"https:\/\/www.tattoosplit.com\/#organization\"},\"potentialAction\":[{\"@type\":\"SearchAction\",\"target\":{\"@type\":\"EntryPoint\",\"urlTemplate\":\"https:\/\/www.tattoosplit.com\/?s={search_term_string}\"},\"query-input\":{\"@type\":\"PropertyValueSpecification\",\"valueRequired\":true,\"valueName\":\"search_term_string\"}}],\"inLanguage\":\"en-US\"},{\"@type\":\"Organization\",\"@id\":\"https:\/\/www.tattoosplit.com\/#organization\",\"name\":\"Tattoo art studio Tea Split\",\"url\":\"https:\/\/www.tattoosplit.com\/\",\"logo\":{\"@type\":\"ImageObject\",\"inLanguage\":\"en-US\",\"@id\":\"https:\/\/www.tattoosplit.com\/#\/schema\/logo\/image\/\",\"url\":\"https:\/\/www.tattoosplit.com\/wp-content\/uploads\/2017\/05\/tattoo-logotip.png\",\"contentUrl\":\"https:\/\/www.tattoosplit.com\/wp-content\/uploads\/2017\/05\/tattoo-logotip.png\",\"width\":302,\"height\":175,\"caption\":\"Tattoo art studio Tea Split\"},\"image\":{\"@id\":\"https:\/\/www.tattoosplit.com\/#\/schema\/logo\/image\/\"},\"sameAs\":[\"https:\/\/www.facebook.com\/TATTOO-ART-STUDIO-TEA-177780505631330\/\",\"https:\/\/www.instagram.com\/tattoostudiotea\/\"]}]}<\/script>\n<!-- \/ Yoast SEO plugin. -->","yoast_head_json":{"title":"From the media - Tattoo studio Tea Split","robots":{"index":"index","follow":"follow","max-snippet":"max-snippet:-1","max-image-preview":"max-image-preview:large","max-video-preview":"max-video-preview:-1"},"canonical":"https:\/\/www.tattoosplit.com\/en\/from-the-media\/","og_locale":"en_US","og_type":"article","og_title":"From the media - Tattoo studio Tea Split","og_description":"[vc_row][vc_column][vc_column_text]https:\/\/net.hr\/danas\/rtl-danas\/nekad-tabu-danas-stil-zivota-tea-je-tattoo-majstorica-i-medu-prvima-u-hrvatskoj-osmislila-je-seminar-za-tetoviranje-69ebb2c8-7056-11ee-8aad-3a50bfc1e71d &nbsp; https:\/\/slobodnadalmacija.hr\/tag\/tea-cagalj &nbsp; https:\/\/net.hr\/webcafe\/svastara\/upoznajte-jedinu-splitsku-tattoo-majstoricu-koga-joj-je-draze-tetovirati-40610248-b9ee-11ec-ab19-0242ac12001c &nbsp; https:\/\/zadovoljna.dnevnik.hr\/tema\/tea+cagalj\/ &nbsp; https:\/\/ultrasplit.hr\/tag\/tea-cagalj\/ &nbsp; https:\/\/www.index.hr\/tag\/410211\/tea-cagalj.aspx &nbsp; https:\/\/net.hr\/tema\/tea-cagalj &nbsp; https:\/\/www.index.hr\/magazin\/clanak\/foto-splicanka-tetovazom-odusevila-charlieja-sheena-lajkao-ju-je-nakon-samo-11-minuta\/950149.aspx &nbsp; https:\/\/zadovoljna.dnevnik.hr\/clanak\/5-bitnih-stvari-o-bijelim-tetovazama&#8212;534763.html &nbsp; https:\/\/www.jutarnji.hr\/scena\/strane-zvijezde\/charlie-sheen-zaokupljen-hrvatskom-nakon-sto-je-prokomentirao-sanju-dolezal-sad-mu-je-u-oko-upala-jedna-splicanka-lajkao-je-u-roku-11-minuta-5625643 &nbsp; https:\/\/www.24sata.hr\/show\/splicanka-tetovazom-odusevila-charlieja-sheena-lajkao-me-511357 &nbsp; https:\/\/riportal.net.hr\/lifestyle\/tea-je-tattoo-majstorica-i-medu-prvima-u-hrvatskoj-osmislila-je-seminar-za-tetoviranje &nbsp;[\/vc_column_text][vc_column_text] Upoznajte jedinu splitsku tattoo majstoricu: koga joj je dra\u017ee tetovirati? [\/vc_column_text][vc_column_text] Biti \u017eena u svijetu mu\u0161karaca nije lako. Znaju to dobro hrvatske menad\u017eerice, lije\u010dnice, kuharice, ali i Tea iz na\u0161e idu\u0107e&hellip;","og_url":"https:\/\/www.tattoosplit.com\/en\/from-the-media\/","og_site_name":"Tattoo studio Tea Split","article_publisher":"https:\/\/www.facebook.com\/TATTOO-ART-STUDIO-TEA-177780505631330\/","article_modified_time":"2024-06-23T11:32:32+00:00","twitter_card":"summary_large_image","twitter_misc":{"Est. reading time":"3 minutes"},"schema":{"@context":"https:\/\/schema.org","@graph":[{"@type":"WebPage","@id":"https:\/\/www.tattoosplit.com\/en\/from-the-media\/","url":"https:\/\/www.tattoosplit.com\/en\/from-the-media\/","name":"From the media - Tattoo studio Tea Split","isPartOf":{"@id":"https:\/\/www.tattoosplit.com\/#website"},"datePublished":"2017-05-22T21:04:27+00:00","dateModified":"2024-06-23T11:32:32+00:00","breadcrumb":{"@id":"https:\/\/www.tattoosplit.com\/en\/from-the-media\/#breadcrumb"},"inLanguage":"en-US","potentialAction":[{"@type":"ReadAction","target":["https:\/\/www.tattoosplit.com\/en\/from-the-media\/"]}]},{"@type":"BreadcrumbList","@id":"https:\/\/www.tattoosplit.com\/en\/from-the-media\/#breadcrumb","itemListElement":[{"@type":"ListItem","position":1,"name":"Po\u010detna stranica","item":"https:\/\/www.tattoosplit.com\/en\/"},{"@type":"ListItem","position":2,"name":"From the media"}]},{"@type":"WebSite","@id":"https:\/\/www.tattoosplit.com\/#website","url":"https:\/\/www.tattoosplit.com\/","name":"Tattoo studio Tea Split","description":"Tetova\u017ee, Piercing. lasersko uklanjanje tetova\u017ea","publisher":{"@id":"https:\/\/www.tattoosplit.com\/#organization"},"potentialAction":[{"@type":"SearchAction","target":{"@type":"EntryPoint","urlTemplate":"https:\/\/www.tattoosplit.com\/?s={search_term_string}"},"query-input":{"@type":"PropertyValueSpecification","valueRequired":true,"valueName":"search_term_string"}}],"inLanguage":"en-US"},{"@type":"Organization","@id":"https:\/\/www.tattoosplit.com\/#organization","name":"Tattoo art studio Tea Split","url":"https:\/\/www.tattoosplit.com\/","logo":{"@type":"ImageObject","inLanguage":"en-US","@id":"https:\/\/www.tattoosplit.com\/#\/schema\/logo\/image\/","url":"https:\/\/www.tattoosplit.com\/wp-content\/uploads\/2017\/05\/tattoo-logotip.png","contentUrl":"https:\/\/www.tattoosplit.com\/wp-content\/uploads\/2017\/05\/tattoo-logotip.png","width":302,"height":175,"caption":"Tattoo art studio Tea Split"},"image":{"@id":"https:\/\/www.tattoosplit.com\/#\/schema\/logo\/image\/"},"sameAs":["https:\/\/www.facebook.com\/TATTOO-ART-STUDIO-TEA-177780505631330\/","https:\/\/www.instagram.com\/tattoostudiotea\/"]}]}},"_links":{"self":[{"href":"https:\/\/www.tattoosplit.com\/en\/wp-json\/wp\/v2\/pages\/246","targetHints":{"allow":["GET"]}}],"collection":[{"href":"https:\/\/www.tattoosplit.com\/en\/wp-json\/wp\/v2\/pages"}],"about":[{"href":"https:\/\/www.tattoosplit.com\/en\/wp-json\/wp\/v2\/types\/page"}],"author":[{"embeddable":true,"href":"https:\/\/www.tattoosplit.com\/en\/wp-json\/wp\/v2\/users\/1"}],"replies":[{"embeddable":true,"href":"https:\/\/www.tattoosplit.com\/en\/wp-json\/wp\/v2\/comments?post=246"}],"version-history":[{"count":3,"href":"https:\/\/www.tattoosplit.com\/en\/wp-json\/wp\/v2\/pages\/246\/revisions"}],"predecessor-version":[{"id":799,"href":"https:\/\/www.tattoosplit.com\/en\/wp-json\/wp\/v2\/pages\/246\/revisions\/799"}],"wp:attachment":[{"href":"https:\/\/www.tattoosplit.com\/en\/wp-json\/wp\/v2\/media?parent=246"}],"curies":[{"name":"wp","href":"https:\/\/api.w.org\/{rel}","templated":true}]}}